{"id":319,"date":"2026-02-10T14:29:59","date_gmt":"2026-02-10T14:29:59","guid":{"rendered":"https:\/\/ceaptotejada.edu.co\/matriculas\/?post_type=product&#038;p=319"},"modified":"2026-02-10T14:31:41","modified_gmt":"2026-02-10T14:31:41","slug":"certificados-y-constancias","status":"publish","type":"product","link":"https:\/\/ceaptotejada.edu.co\/matriculas\/producto\/certificados-y-constancias\/","title":{"rendered":"Certificados y Constancias"},"content":{"rendered":"<p>Los certificados y constancias se entregan 5 d\u00edas h\u00e1biles despu\u00e9s de realizado el pago.<\/p>\n","protected":false},"excerpt":{"rendered":"<p>Los certificados y constancias se entregan 5 d\u00edas h\u00e1biles despu\u00e9s de realizado el pago.<\/p>\n","protected":false},"featured_media":0,"comment_status":"open","ping_status":"closed","template":"","meta":[],"product_brand":[],"product_cat":[19],"product_tag":[],"class_list":{"0":"post-319","1":"product","2":"type-product","3":"status-publish","5":"product_cat-jardin","7":"first","8":"instock","9":"virtual","10":"purchasable","11":"product-type-simple"},"_links":{"self":[{"href":"https:\/\/ceaptotejada.edu.co\/matriculas\/wp-json\/wp\/v2\/product\/319","targetHints":{"allow":["GET"]}}],"collection":[{"href":"https:\/\/ceaptotejada.edu.co\/matriculas\/wp-json\/wp\/v2\/product"}],"about":[{"href":"https:\/\/ceaptotejada.edu.co\/matriculas\/wp-json\/wp\/v2\/types\/product"}],"replies":[{"embeddable":true,"href":"https:\/\/ceaptotejada.edu.co\/matriculas\/wp-json\/wp\/v2\/comments?post=319"}],"wp:attachment":[{"href":"https:\/\/ceaptotejada.edu.co\/matriculas\/wp-json\/wp\/v2\/media?parent=319"}],"wp:term":[{"taxonomy":"product_brand","embeddable":true,"href":"https:\/\/ceaptotejada.edu.co\/matriculas\/wp-json\/wp\/v2\/product_brand?post=319"},{"taxonomy":"product_cat","embeddable":true,"href":"https:\/\/ceaptotejada.edu.co\/matriculas\/wp-json\/wp\/v2\/product_cat?post=319"},{"taxonomy":"product_tag","embeddable":true,"href":"https:\/\/ceaptotejada.edu.co\/matriculas\/wp-json\/wp\/v2\/product_tag?post=319"}],"curies":[{"name":"wp","href":"https:\/\/api.w.org\/{rel}","templated":true}]}}