{"id":234,"date":"2025-12-22T16:31:03","date_gmt":"2025-12-22T16:31:03","guid":{"rendered":"https:\/\/ceaptotejada.edu.co\/matriculas\/?post_type=product&#038;p=234"},"modified":"2026-01-02T23:25:07","modified_gmt":"2026-01-02T23:25:07","slug":"matricula-septimo","status":"publish","type":"product","link":"https:\/\/ceaptotejada.edu.co\/matriculas\/producto\/matricula-septimo\/","title":{"rendered":"Matr\u00edcula S\u00e9ptimo"},"content":{"rendered":"<p>El valor de este producto corresponde al valor de la matr\u00edcula, mensualidad de febrero y otros costos educativos.<\/p>\n","protected":false},"excerpt":{"rendered":"<p>El valor de este producto corresponde al valor de la matr\u00edcula, mensualidad de febrero y otros costos educativos.<\/p>\n","protected":false},"featured_media":235,"comment_status":"open","ping_status":"closed","template":"","meta":[],"product_brand":[],"product_cat":[27],"product_tag":[],"class_list":{"0":"post-234","1":"product","2":"type-product","3":"status-publish","4":"has-post-thumbnail","6":"product_cat-septimo","8":"first","9":"instock","10":"virtual","11":"taxable","12":"purchasable","13":"product-type-simple"},"_links":{"self":[{"href":"https:\/\/ceaptotejada.edu.co\/matriculas\/wp-json\/wp\/v2\/product\/234","targetHints":{"allow":["GET"]}}],"collection":[{"href":"https:\/\/ceaptotejada.edu.co\/matriculas\/wp-json\/wp\/v2\/product"}],"about":[{"href":"https:\/\/ceaptotejada.edu.co\/matriculas\/wp-json\/wp\/v2\/types\/product"}],"replies":[{"embeddable":true,"href":"https:\/\/ceaptotejada.edu.co\/matriculas\/wp-json\/wp\/v2\/comments?post=234"}],"wp:featuredmedia":[{"embeddable":true,"href":"https:\/\/ceaptotejada.edu.co\/matriculas\/wp-json\/wp\/v2\/media\/235"}],"wp:attachment":[{"href":"https:\/\/ceaptotejada.edu.co\/matriculas\/wp-json\/wp\/v2\/media?parent=234"}],"wp:term":[{"taxonomy":"product_brand","embeddable":true,"href":"https:\/\/ceaptotejada.edu.co\/matriculas\/wp-json\/wp\/v2\/product_brand?post=234"},{"taxonomy":"product_cat","embeddable":true,"href":"https:\/\/ceaptotejada.edu.co\/matriculas\/wp-json\/wp\/v2\/product_cat?post=234"},{"taxonomy":"product_tag","embeddable":true,"href":"https:\/\/ceaptotejada.edu.co\/matriculas\/wp-json\/wp\/v2\/product_tag?post=234"}],"curies":[{"name":"wp","href":"https:\/\/api.w.org\/{rel}","templated":true}]}}