{"id":219,"date":"2025-12-22T16:11:26","date_gmt":"2025-12-22T16:11:26","guid":{"rendered":"https:\/\/ceaptotejada.edu.co\/matriculas\/?post_type=product&#038;p=219"},"modified":"2026-01-02T23:27:12","modified_gmt":"2026-01-02T23:27:12","slug":"matricula-transicion","status":"publish","type":"product","link":"https:\/\/ceaptotejada.edu.co\/matriculas\/producto\/matricula-transicion\/","title":{"rendered":"Matr\u00edcula Transici\u00f3n"},"content":{"rendered":"<p>El valor de este producto corresponde al valor de la matr\u00edcula, mensualidad de febrero y otros costos educativos.<\/p>\n","protected":false},"excerpt":{"rendered":"<p>El valor de este producto corresponde al valor de la matr\u00edcula, mensualidad de febrero y otros costos educativos.<\/p>\n","protected":false},"featured_media":220,"comment_status":"open","ping_status":"closed","template":"","meta":[],"product_brand":[],"product_cat":[20],"product_tag":[],"class_list":{"0":"post-219","1":"product","2":"type-product","3":"status-publish","4":"has-post-thumbnail","6":"product_cat-transicion","8":"first","9":"instock","10":"virtual","11":"taxable","12":"purchasable","13":"product-type-simple"},"_links":{"self":[{"href":"https:\/\/ceaptotejada.edu.co\/matriculas\/wp-json\/wp\/v2\/product\/219","targetHints":{"allow":["GET"]}}],"collection":[{"href":"https:\/\/ceaptotejada.edu.co\/matriculas\/wp-json\/wp\/v2\/product"}],"about":[{"href":"https:\/\/ceaptotejada.edu.co\/matriculas\/wp-json\/wp\/v2\/types\/product"}],"replies":[{"embeddable":true,"href":"https:\/\/ceaptotejada.edu.co\/matriculas\/wp-json\/wp\/v2\/comments?post=219"}],"wp:featuredmedia":[{"embeddable":true,"href":"https:\/\/ceaptotejada.edu.co\/matriculas\/wp-json\/wp\/v2\/media\/220"}],"wp:attachment":[{"href":"https:\/\/ceaptotejada.edu.co\/matriculas\/wp-json\/wp\/v2\/media?parent=219"}],"wp:term":[{"taxonomy":"product_brand","embeddable":true,"href":"https:\/\/ceaptotejada.edu.co\/matriculas\/wp-json\/wp\/v2\/product_brand?post=219"},{"taxonomy":"product_cat","embeddable":true,"href":"https:\/\/ceaptotejada.edu.co\/matriculas\/wp-json\/wp\/v2\/product_cat?post=219"},{"taxonomy":"product_tag","embeddable":true,"href":"https:\/\/ceaptotejada.edu.co\/matriculas\/wp-json\/wp\/v2\/product_tag?post=219"}],"curies":[{"name":"wp","href":"https:\/\/api.w.org\/{rel}","templated":true}]}}