{"id":217,"date":"2025-12-22T16:06:46","date_gmt":"2025-12-22T16:06:46","guid":{"rendered":"https:\/\/ceaptotejada.edu.co\/matriculas\/?post_type=product&#038;p=217"},"modified":"2026-01-02T23:27:24","modified_gmt":"2026-01-02T23:27:24","slug":"matricula-jardin","status":"publish","type":"product","link":"https:\/\/ceaptotejada.edu.co\/matriculas\/producto\/matricula-jardin\/","title":{"rendered":"Matr\u00edcula Jard\u00edn"},"content":{"rendered":"<p>El valor de este producto corresponde al valor de la matr\u00edcula, mensualidad de febrero y otros costos educativos.<\/p>\n","protected":false},"excerpt":{"rendered":"<p>El valor de este producto corresponde al valor de la matr\u00edcula, mensualidad de febrero y otros costos educativos.<\/p>\n","protected":false},"featured_media":218,"comment_status":"open","ping_status":"closed","template":"","meta":[],"product_brand":[],"product_cat":[19],"product_tag":[],"class_list":{"0":"post-217","1":"product","2":"type-product","3":"status-publish","4":"has-post-thumbnail","6":"product_cat-jardin","8":"first","9":"instock","10":"virtual","11":"taxable","12":"purchasable","13":"product-type-simple"},"_links":{"self":[{"href":"https:\/\/ceaptotejada.edu.co\/matriculas\/wp-json\/wp\/v2\/product\/217","targetHints":{"allow":["GET"]}}],"collection":[{"href":"https:\/\/ceaptotejada.edu.co\/matriculas\/wp-json\/wp\/v2\/product"}],"about":[{"href":"https:\/\/ceaptotejada.edu.co\/matriculas\/wp-json\/wp\/v2\/types\/product"}],"replies":[{"embeddable":true,"href":"https:\/\/ceaptotejada.edu.co\/matriculas\/wp-json\/wp\/v2\/comments?post=217"}],"wp:featuredmedia":[{"embeddable":true,"href":"https:\/\/ceaptotejada.edu.co\/matriculas\/wp-json\/wp\/v2\/media\/218"}],"wp:attachment":[{"href":"https:\/\/ceaptotejada.edu.co\/matriculas\/wp-json\/wp\/v2\/media?parent=217"}],"wp:term":[{"taxonomy":"product_brand","embeddable":true,"href":"https:\/\/ceaptotejada.edu.co\/matriculas\/wp-json\/wp\/v2\/product_brand?post=217"},{"taxonomy":"product_cat","embeddable":true,"href":"https:\/\/ceaptotejada.edu.co\/matriculas\/wp-json\/wp\/v2\/product_cat?post=217"},{"taxonomy":"product_tag","embeddable":true,"href":"https:\/\/ceaptotejada.edu.co\/matriculas\/wp-json\/wp\/v2\/product_tag?post=217"}],"curies":[{"name":"wp","href":"https:\/\/api.w.org\/{rel}","templated":true}]}}